{"id":2103,"date":"2025-10-17T00:00:23","date_gmt":"2025-10-16T15:00:23","guid":{"rendered":"https:\/\/sp-yamashin.jp\/oomiya\/?page_id=2103"},"modified":"2025-10-18T12:01:54","modified_gmt":"2025-10-18T03:01:54","slug":"jrschoolfreetrial","status":"publish","type":"page","link":"https:\/\/sp-yamashin.jp\/oomiya\/jrschoolfreetrial\/","title":{"rendered":"\u30b8\u30e5\u30cb\u30a2\u30b9\u30af\u30fc\u30eb \u7121\u6599\u4f53\u9a13\u7533\u8fbc\u307f"},"content":{"rendered":"<div id=\"pl-2103\"  class=\"panel-layout\" ><div id=\"pg-2103-0\"  class=\"panel-grid panel-no-style\" ><div id=\"pgc-2103-0-0\"  class=\"panel-grid-cell\" ><div id=\"panel-2103-0-0-0\" class=\"so-panel widget widget_sow-editor panel-first-child\" data-index=\"0\" ><div\n\t\t\t\n\t\t\tclass=\"so-widget-sow-editor so-widget-sow-editor-base\"\n\t\t\t\n\t\t>\n<div class=\"siteorigin-widget-tinymce textwidget\">\n\t<h3 style=\"text-align: center;\">\u30b8\u30e5\u30cb\u30a2\u30b9\u30af\u30fc\u30eb<br \/>\n\u7121\u6599\u4f53\u9a13\u7533\u8fbc\u307f<\/h3>\n<\/div>\n<\/div><\/div><div id=\"panel-2103-0-0-1\" class=\"so-panel widget widget_sow-editor\" data-index=\"1\" ><div\n\t\t\t\n\t\t\tclass=\"so-widget-sow-editor so-widget-sow-editor-base\"\n\t\t\t\n\t\t>\n<div class=\"siteorigin-widget-tinymce textwidget\">\n\t<p><span style=\"font-size: 11pt;\">\u304a\u7533\u8fbc\u5f8c\u306b\u304a\u96fb\u8a71\u306b\u3066\u3054\u6848\u5185\u3092\u3055\u305b\u3066\u3044\u305f\u3060\u304d\u307e\u3059\u3002<\/span><br \/>\n<span style=\"font-size: 11pt;\">\u3054\u9023\u7d61\u306f\u7fcc\u55b6\u696d\u65e5\u4ee5\u964d\u3068\u306a\u308a\u307e\u3059\u3002\uff08\u6708\u66dc\u65e5\u4f11\u9928\uff09<\/span><br \/>\n<span style=\"font-size: 11pt;\">\u304a\u96fb\u8a71\u304b\u3089\u306e\u304a\u554f\u3044\u5408\u308f\u305b\u3082\u53ef\u80fd\u3067\u3059\u3002<\/span><br \/>\n<span style=\"font-size: 11pt;\">\u2121<a href=\"tel:0295-53-8822\">0295-53-8822<\/a><\/span><\/p>\n<\/div>\n<\/div><\/div><div id=\"panel-2103-0-0-2\" class=\"so-panel widget widget_sow-editor panel-last-child\" data-index=\"2\" ><div\n\t\t\t\n\t\t\tclass=\"so-widget-sow-editor so-widget-sow-editor-base\"\n\t\t\t\n\t\t>\n<div class=\"siteorigin-widget-tinymce textwidget\">\n\t\n<div class=\"wpcf7 no-js\" id=\"wpcf7-f2102-o1\" lang=\"ja\" dir=\"ltr\" data-wpcf7-id=\"2102\">\n<div class=\"screen-reader-response\"><p role=\"status\" aria-live=\"polite\" aria-atomic=\"true\"><\/p> <ul><\/ul><\/div>\n<form action=\"\/oomiya\/wp-json\/wp\/v2\/pages\/2103#wpcf7-f2102-o1\" method=\"post\" class=\"wpcf7-form init\" aria-label=\"\u30b3\u30f3\u30bf\u30af\u30c8\u30d5\u30a9\u30fc\u30e0\" novalidate=\"novalidate\" data-status=\"init\">\n<fieldset class=\"hidden-fields-container\"><input type=\"hidden\" name=\"_wpcf7\" value=\"2102\" \/><input type=\"hidden\" name=\"_wpcf7_version\" value=\"6.1.5\" \/><input type=\"hidden\" name=\"_wpcf7_locale\" value=\"ja\" \/><input type=\"hidden\" name=\"_wpcf7_unit_tag\" value=\"wpcf7-f2102-o1\" \/><input type=\"hidden\" name=\"_wpcf7_container_post\" value=\"0\" \/><input type=\"hidden\" name=\"_wpcf7_posted_data_hash\" value=\"\" \/>\n<\/fieldset>\n<div class=\"custom-form\">\n\t<p><label> \u30b9\u30af\u30fc\u30eb\u3092\u304a\u9078\u3073\u304f\u3060\u3055\u3044(\u8907\u6570\u9078\u629e\u53ef) <span class=\"required\">\u5fc5\u9808<\/span><\/label><br \/>\n<span class=\"wpcf7-form-control-wrap\" data-name=\"kubun\"><span class=\"wpcf7-form-control wpcf7-checkbox wpcf7-validates-as-required list-block\"><span class=\"wpcf7-list-item first\"><input type=\"checkbox\" name=\"kubun[]\" value=\"\u30b9\u30a4\u30df\u30f3\u30b0\u30b9\u30af\u30fc\u30eb\" \/><span class=\"wpcf7-list-item-label\">\u30b9\u30a4\u30df\u30f3\u30b0\u30b9\u30af\u30fc\u30eb<\/span><\/span><span class=\"wpcf7-list-item\"><input type=\"checkbox\" name=\"kubun[]\" value=\"\u7a7a\u624b\u6559\u5ba4\" \/><span class=\"wpcf7-list-item-label\">\u7a7a\u624b\u6559\u5ba4<\/span><\/span><span class=\"wpcf7-list-item\"><input type=\"checkbox\" name=\"kubun[]\" value=\"\u4f53\u80b2\u30b9\u30af\u30fc\u30eb\" \/><span class=\"wpcf7-list-item-label\">\u4f53\u80b2\u30b9\u30af\u30fc\u30eb<\/span><\/span><span class=\"wpcf7-list-item last\"><input type=\"checkbox\" name=\"kubun[]\" value=\"\u30d2\u30c3\u30d7\u30db\u30c3\u30d7\u30b9\u30af\u30fc\u30eb\" \/><span class=\"wpcf7-list-item-label\">\u30d2\u30c3\u30d7\u30db\u30c3\u30d7\u30b9\u30af\u30fc\u30eb<\/span><\/span><\/span><\/span>\n\t<\/p>\n\t<p><label>\u5e74\u9f62(\u304a\u5b50\u69d8) <span class=\"required\">\u5fc5\u9808<\/span><\/label><br \/>\n<span class=\"wpcf7-form-control-wrap\" data-name=\"nenrei\"><input size=\"40\" maxlength=\"400\" class=\"wpcf7-form-control wpcf7-text wpcf7-validates-as-required\" id=\"nenrei\" aria-required=\"true\" aria-invalid=\"false\" placeholder=\"\u4f8b\uff1a8\" value=\"\" type=\"text\" name=\"nenrei\" \/><\/span>\n\t<\/p>\n\t<p><label>\u304a\u540d\u524d(\u304a\u5b50\u69d8) <span class=\"required\">\u5fc5\u9808<\/span><\/label><br \/>\n<span class=\"wpcf7-form-control-wrap\" data-name=\"name-1\"><input size=\"40\" maxlength=\"400\" class=\"wpcf7-form-control wpcf7-text wpcf7-validates-as-required\" id=\"name\" aria-required=\"true\" aria-invalid=\"false\" placeholder=\"\u4f8b\uff1a\u3084\u307e\u3057\u3093\u3000\u305f\u308d\u3046(\u3072\u3089\u304c\u306a\u5165\u529b)\" value=\"\" type=\"text\" name=\"name-1\" \/><\/span>\n\t<div class=\"wpcf7-response-output\" aria-hidden=\"true\"><\/div>\n\t<\/p>\n\t<p><label>\u304a\u96fb\u8a71\u756a\u53f7(\u643a\u5e2f\u756a\u53f7) <span class=\"required\">\u5fc5\u9808<\/span><\/label><br \/>\n<span class=\"wpcf7-form-control-wrap\" data-name=\"tel\"><input size=\"40\" maxlength=\"400\" class=\"wpcf7-form-control wpcf7-tel wpcf7-validates-as-required wpcf7-text wpcf7-validates-as-tel\" id=\"tel\" aria-required=\"true\" aria-invalid=\"false\" placeholder=\"\u4f8b\uff1a090\u00d7\u00d7\u00d7\u00d7\u00d7\u00d7\u00d7\u00d7\uff08\u30cf\u30a4\u30d5\u30a9\u30f3\u4e0d\u8981\uff09\" value=\"\" type=\"tel\" name=\"tel\" \/><\/span>\n\t<\/p>\n\t<p><label>\u3054\u4f4f\u6240 <span class=\"required\">\u5fc5\u9808<\/span><\/label><br \/>\n<span class=\"wpcf7-form-control-wrap\" data-name=\"adress\"><input size=\"40\" maxlength=\"400\" class=\"wpcf7-form-control wpcf7-text wpcf7-validates-as-required\" id=\"adress\" aria-required=\"true\" aria-invalid=\"false\" placeholder=\"\u4f8b\uff1a\u8328\u57ce\u770c\u5e38\u9678\u5927\u5bae\u5e02\u4e0b\u6751\u75302387\u30b7\u30e7\u30c3\u30d4\u30f3\u30b0\u30bb\u30f3\u30bf\u30fc\u30d4\u30b5\u30fc\u30ed\u5185\" value=\"\" type=\"text\" name=\"adress\" \/><\/span><label for=\"message\">\u5099\u8003 <span class=\"non-required\">\u4efb\u610f<\/span><\/label><br \/>\n<span class=\"wpcf7-form-control-wrap\" data-name=\"your-message\"><textarea cols=\"40\" rows=\"10\" maxlength=\"2000\" class=\"wpcf7-form-control wpcf7-textarea\" aria-invalid=\"false\" placeholder=\"\u4f8b: \u5e0c\u671b\u65e5\u6642\u3084\u3054\u4e0d\u660e\u70b9\u306a\u3069\u3054\u3056\u3044\u307e\u3057\u305f\u3089\u3054\u8a18\u8f09\u304f\u3060\u3055\u3044\u3002\n\u4f53\u9a13\u65e5\u306f\u30af\u30e9\u30d6\u304b\u3089\u306e\u3054\u9023\u7d61\u3092\u3082\u3063\u3066\u78ba\u5b9a\u3068\u306a\u308a\u307e\u3059\u3002\" name=\"your-message\"><\/textarea><\/span>\n\t<\/p>\n\t<p><a href=\"https:\/\/sp-yamashin.jp\/oomiya\/privacy-policy\/\" target=\"_blank\" style=\"text-decoration: underline;\">\u30d7\u30e9\u30a4\u30d0\u30b7\u30fc\u30dd\u30ea\u30b7\u30fc<\/a>\uff08\u30da\u30fc\u30b8\u306b\u30ea\u30f3\u30af\u3057\u307e\u3059\uff09<br \/>\n<span class=\"wpcf7-form-control-wrap\" data-name=\"acceptance-245\"><span class=\"wpcf7-form-control wpcf7-acceptance\"><span class=\"wpcf7-list-item\"><label><input type=\"checkbox\" name=\"acceptance-245\" value=\"1\" aria-invalid=\"false\" \/><span class=\"wpcf7-list-item-label\">\u540c\u610f\u3059\u308b<\/span><\/label><\/span><\/span><\/span>\n\t<\/p>\n\t<p><input class=\"wpcf7-form-control wpcf7-submit has-spinner\" type=\"submit\" value=\"\u304a\u7533\u8fbc\" \/>\n\t<\/p>\n<\/div>\n<\/form>\n<\/div>\n\n<\/div>\n<\/div><\/div><\/div><\/div><\/div>","protected":false},"excerpt":{"rendered":"<p>\u30b8\u30e5\u30cb\u30a2\u30b9\u30af\u30fc\u30eb \u7121\u6599\u4f53\u9a13\u7533\u8fbc\u307f \u304a\u7533\u8fbc\u5f8c\u306b\u304a\u96fb\u8a71\u306b\u3066\u3054\u6848\u5185\u3092\u3055\u305b\u3066&#8230; <\/p>\n<div class=\"readmore\"><a href=\"https:\/\/sp-yamashin.jp\/oomiya\/jrschoolfreetrial\/\">\u8a73\u7d30\u306f<\/a><\/div>\n","protected":false},"author":2,"featured_media":0,"parent":0,"menu_order":0,"comment_status":"closed","ping_status":"closed","template":"","meta":{"footnotes":""},"class_list":["post-2103","page","type-page","status-publish","hentry"],"aioseo_notices":[],"_links":{"self":[{"href":"https:\/\/sp-yamashin.jp\/oomiya\/wp-json\/wp\/v2\/pages\/2103","targetHints":{"allow":["GET"]}}],"collection":[{"href":"https:\/\/sp-yamashin.jp\/oomiya\/wp-json\/wp\/v2\/pages"}],"about":[{"href":"https:\/\/sp-yamashin.jp\/oomiya\/wp-json\/wp\/v2\/types\/page"}],"author":[{"embeddable":true,"href":"https:\/\/sp-yamashin.jp\/oomiya\/wp-json\/wp\/v2\/users\/2"}],"replies":[{"embeddable":true,"href":"https:\/\/sp-yamashin.jp\/oomiya\/wp-json\/wp\/v2\/comments?post=2103"}],"version-history":[{"count":6,"href":"https:\/\/sp-yamashin.jp\/oomiya\/wp-json\/wp\/v2\/pages\/2103\/revisions"}],"predecessor-version":[{"id":2621,"href":"https:\/\/sp-yamashin.jp\/oomiya\/wp-json\/wp\/v2\/pages\/2103\/revisions\/2621"}],"wp:attachment":[{"href":"https:\/\/sp-yamashin.jp\/oomiya\/wp-json\/wp\/v2\/media?parent=2103"}],"curies":[{"name":"wp","href":"https:\/\/api.w.org\/{rel}","templated":true}]}}